{"id":10437,"date":"2021-11-05T15:15:41","date_gmt":"2021-11-08T16:38:57","guid":{"rendered":"https:\/\/mykalios.com\/?post_type=product&#038;p=10437"},"modified":"2026-01-21T15:52:47","modified_gmt":"2026-01-21T14:52:47","slug":"meze-aubergine-fumee","status":"publish","type":"product","link":"https:\/\/mykalios.com\/en\/boutique\/greek-appetizers\/meze-aubergine-fumee\/","title":{"rendered":"Smoked aubergine Mezze"},"content":{"rendered":"","protected":false},"excerpt":{"rendered":"","protected":false},"featured_media":10502,"comment_status":"open","ping_status":"closed","template":"","meta":{"_acf_changed":false},"product_brand":[],"product_cat":[248],"product_tag":[],"class_list":{"0":"post-10437","1":"product","2":"type-product","3":"status-publish","4":"has-post-thumbnail","6":"product_cat-greek-appetizers","8":"first","9":"instock","10":"shipping-taxable","11":"purchasable","12":"product-type-simple"},"acf":[],"yoast_head":"<!-- This site is optimized with the Yoast SEO plugin v27.3 - https:\/\/yoast.com\/product\/yoast-seo-wordpress\/ -->\n<title>Smoked aubergine Mezze - Kalios<\/title>\n<meta name=\"description\" content=\"D\u00e9couvrez nos nouveaux m\u00e9z\u00e9s ! Vous appr\u00e9cierez sa texture onctueuse et son go\u00fbt fum\u00e9 intense, le tout sans conservateurs et additifs.\" \/>\n<meta name=\"robots\" content=\"index, follow, max-snippet:-1, max-image-preview:large, max-video-preview:-1\" \/>\n<link rel=\"canonical\" href=\"https:\/\/mykalios.com\/en\/boutique\/greek-appetizers\/meze-aubergine-fumee\/\" \/>\n<meta property=\"og:locale\" content=\"en_US\" \/>\n<meta property=\"og:type\" content=\"article\" \/>\n<meta property=\"og:title\" content=\"Smoked aubergine Mezze - Kalios\" \/>\n<meta property=\"og:description\" content=\"D\u00e9couvrez nos nouveaux m\u00e9z\u00e9s ! Vous appr\u00e9cierez sa texture onctueuse et son go\u00fbt fum\u00e9 intense, le tout sans conservateurs et additifs.\" \/>\n<meta property=\"og:url\" content=\"https:\/\/mykalios.com\/en\/boutique\/greek-appetizers\/meze-aubergine-fumee\/\" \/>\n<meta property=\"og:site_name\" content=\"Kalios\" \/>\n<meta property=\"article:modified_time\" content=\"2026-01-21T14:52:47+00:00\" \/>\n<meta property=\"og:image\" content=\"https:\/\/mykalios.com\/wp-content\/uploads\/2021\/11\/meze-aubergine-fumee-1.png\" \/>\n\t<meta property=\"og:image:width\" content=\"4996\" \/>\n\t<meta property=\"og:image:height\" content=\"3997\" \/>\n\t<meta property=\"og:image:type\" content=\"image\/png\" \/>\n<meta name=\"twitter:card\" content=\"summary_large_image\" \/>\n<script type=\"application\/ld+json\" class=\"yoast-schema-graph\">{\"@context\":\"https:\\\/\\\/schema.org\",\"@graph\":[{\"@type\":\"WebPage\",\"@id\":\"https:\\\/\\\/mykalios.com\\\/en\\\/boutique\\\/greek-appetizers\\\/meze-aubergine-fumee\\\/\",\"url\":\"https:\\\/\\\/mykalios.com\\\/en\\\/boutique\\\/greek-appetizers\\\/meze-aubergine-fumee\\\/\",\"name\":\"Smoked aubergine Mezze - Kalios\",\"isPartOf\":{\"@id\":\"https:\\\/\\\/mykalios.com\\\/#website\"},\"primaryImageOfPage\":{\"@id\":\"https:\\\/\\\/mykalios.com\\\/en\\\/boutique\\\/greek-appetizers\\\/meze-aubergine-fumee\\\/#primaryimage\"},\"image\":{\"@id\":\"https:\\\/\\\/mykalios.com\\\/en\\\/boutique\\\/greek-appetizers\\\/meze-aubergine-fumee\\\/#primaryimage\"},\"thumbnailUrl\":\"https:\\\/\\\/mykalios.com\\\/wp-content\\\/uploads\\\/2021\\\/10\\\/meze-aubergine-cam-scaled.jpg\",\"datePublished\":\"2021-11-08T16:38:57+00:00\",\"dateModified\":\"2026-01-21T14:52:47+00:00\",\"description\":\"D\u00e9couvrez nos nouveaux m\u00e9z\u00e9s ! Vous appr\u00e9cierez sa texture onctueuse et son go\u00fbt fum\u00e9 intense, le tout sans conservateurs et additifs.\",\"breadcrumb\":{\"@id\":\"https:\\\/\\\/mykalios.com\\\/en\\\/boutique\\\/greek-appetizers\\\/meze-aubergine-fumee\\\/#breadcrumb\"},\"inLanguage\":\"en-US\",\"potentialAction\":[{\"@type\":\"ReadAction\",\"target\":[\"https:\\\/\\\/mykalios.com\\\/en\\\/boutique\\\/greek-appetizers\\\/meze-aubergine-fumee\\\/\"]}]},{\"@type\":\"ImageObject\",\"inLanguage\":\"en-US\",\"@id\":\"https:\\\/\\\/mykalios.com\\\/en\\\/boutique\\\/greek-appetizers\\\/meze-aubergine-fumee\\\/#primaryimage\",\"url\":\"https:\\\/\\\/mykalios.com\\\/wp-content\\\/uploads\\\/2021\\\/10\\\/meze-aubergine-cam-scaled.jpg\",\"contentUrl\":\"https:\\\/\\\/mykalios.com\\\/wp-content\\\/uploads\\\/2021\\\/10\\\/meze-aubergine-cam-scaled.jpg\",\"width\":1707,\"height\":2560},{\"@type\":\"BreadcrumbList\",\"@id\":\"https:\\\/\\\/mykalios.com\\\/en\\\/boutique\\\/greek-appetizers\\\/meze-aubergine-fumee\\\/#breadcrumb\",\"itemListElement\":[{\"@type\":\"ListItem\",\"position\":1,\"name\":\"Accueil\",\"item\":\"https:\\\/\\\/mykalios.com\\\/en\\\/\"},{\"@type\":\"ListItem\",\"position\":2,\"name\":\"Produits\",\"item\":\"https:\\\/\\\/mykalios.com\\\/shop\\\/\"},{\"@type\":\"ListItem\",\"position\":3,\"name\":\"Smoked aubergine Mezze\"}]},{\"@type\":\"WebSite\",\"@id\":\"https:\\\/\\\/mykalios.com\\\/#website\",\"url\":\"https:\\\/\\\/mykalios.com\\\/\",\"name\":\"Kalios\",\"description\":\"Producteurs d&#039;huile d&#039;olives grecques bio et produits grecs Kalamata\",\"potentialAction\":[{\"@type\":\"SearchAction\",\"target\":{\"@type\":\"EntryPoint\",\"urlTemplate\":\"https:\\\/\\\/mykalios.com\\\/?s={search_term_string}\"},\"query-input\":{\"@type\":\"PropertyValueSpecification\",\"valueRequired\":true,\"valueName\":\"search_term_string\"}}],\"inLanguage\":\"en-US\"}]}<\/script>\n<!-- \/ Yoast SEO plugin. -->","yoast_head_json":{"title":"Smoked aubergine Mezze - Kalios","description":"D\u00e9couvrez nos nouveaux m\u00e9z\u00e9s ! Vous appr\u00e9cierez sa texture onctueuse et son go\u00fbt fum\u00e9 intense, le tout sans conservateurs et additifs.","robots":{"index":"index","follow":"follow","max-snippet":"max-snippet:-1","max-image-preview":"max-image-preview:large","max-video-preview":"max-video-preview:-1"},"canonical":"https:\/\/mykalios.com\/en\/boutique\/greek-appetizers\/meze-aubergine-fumee\/","og_locale":"en_US","og_type":"article","og_title":"Smoked aubergine Mezze - Kalios","og_description":"D\u00e9couvrez nos nouveaux m\u00e9z\u00e9s ! Vous appr\u00e9cierez sa texture onctueuse et son go\u00fbt fum\u00e9 intense, le tout sans conservateurs et additifs.","og_url":"https:\/\/mykalios.com\/en\/boutique\/greek-appetizers\/meze-aubergine-fumee\/","og_site_name":"Kalios","article_modified_time":"2026-01-21T14:52:47+00:00","og_image":[{"width":4996,"height":3997,"url":"https:\/\/mykalios.com\/wp-content\/uploads\/2021\/11\/meze-aubergine-fumee-1.png","type":"image\/png"}],"twitter_card":"summary_large_image","schema":{"@context":"https:\/\/schema.org","@graph":[{"@type":"WebPage","@id":"https:\/\/mykalios.com\/en\/boutique\/greek-appetizers\/meze-aubergine-fumee\/","url":"https:\/\/mykalios.com\/en\/boutique\/greek-appetizers\/meze-aubergine-fumee\/","name":"Smoked aubergine Mezze - Kalios","isPartOf":{"@id":"https:\/\/mykalios.com\/#website"},"primaryImageOfPage":{"@id":"https:\/\/mykalios.com\/en\/boutique\/greek-appetizers\/meze-aubergine-fumee\/#primaryimage"},"image":{"@id":"https:\/\/mykalios.com\/en\/boutique\/greek-appetizers\/meze-aubergine-fumee\/#primaryimage"},"thumbnailUrl":"https:\/\/mykalios.com\/wp-content\/uploads\/2021\/10\/meze-aubergine-cam-scaled.jpg","datePublished":"2021-11-08T16:38:57+00:00","dateModified":"2026-01-21T14:52:47+00:00","description":"D\u00e9couvrez nos nouveaux m\u00e9z\u00e9s ! Vous appr\u00e9cierez sa texture onctueuse et son go\u00fbt fum\u00e9 intense, le tout sans conservateurs et additifs.","breadcrumb":{"@id":"https:\/\/mykalios.com\/en\/boutique\/greek-appetizers\/meze-aubergine-fumee\/#breadcrumb"},"inLanguage":"en-US","potentialAction":[{"@type":"ReadAction","target":["https:\/\/mykalios.com\/en\/boutique\/greek-appetizers\/meze-aubergine-fumee\/"]}]},{"@type":"ImageObject","inLanguage":"en-US","@id":"https:\/\/mykalios.com\/en\/boutique\/greek-appetizers\/meze-aubergine-fumee\/#primaryimage","url":"https:\/\/mykalios.com\/wp-content\/uploads\/2021\/10\/meze-aubergine-cam-scaled.jpg","contentUrl":"https:\/\/mykalios.com\/wp-content\/uploads\/2021\/10\/meze-aubergine-cam-scaled.jpg","width":1707,"height":2560},{"@type":"BreadcrumbList","@id":"https:\/\/mykalios.com\/en\/boutique\/greek-appetizers\/meze-aubergine-fumee\/#breadcrumb","itemListElement":[{"@type":"ListItem","position":1,"name":"Accueil","item":"https:\/\/mykalios.com\/en\/"},{"@type":"ListItem","position":2,"name":"Produits","item":"https:\/\/mykalios.com\/shop\/"},{"@type":"ListItem","position":3,"name":"Smoked aubergine Mezze"}]},{"@type":"WebSite","@id":"https:\/\/mykalios.com\/#website","url":"https:\/\/mykalios.com\/","name":"Kalios","description":"Producteurs d&#039;huile d&#039;olives grecques bio et produits grecs Kalamata","potentialAction":[{"@type":"SearchAction","target":{"@type":"EntryPoint","urlTemplate":"https:\/\/mykalios.com\/?s={search_term_string}"},"query-input":{"@type":"PropertyValueSpecification","valueRequired":true,"valueName":"search_term_string"}}],"inLanguage":"en-US"}]}},"jetpack_sharing_enabled":true,"_links":{"self":[{"href":"https:\/\/mykalios.com\/en\/wp-json\/wp\/v2\/product\/10437","targetHints":{"allow":["GET"]}}],"collection":[{"href":"https:\/\/mykalios.com\/en\/wp-json\/wp\/v2\/product"}],"about":[{"href":"https:\/\/mykalios.com\/en\/wp-json\/wp\/v2\/types\/product"}],"replies":[{"embeddable":true,"href":"https:\/\/mykalios.com\/en\/wp-json\/wp\/v2\/comments?post=10437"}],"wp:featuredmedia":[{"embeddable":true,"href":"https:\/\/mykalios.com\/en\/wp-json\/wp\/v2\/media\/10502"}],"wp:attachment":[{"href":"https:\/\/mykalios.com\/en\/wp-json\/wp\/v2\/media?parent=10437"}],"wp:term":[{"taxonomy":"product_brand","embeddable":true,"href":"https:\/\/mykalios.com\/en\/wp-json\/wp\/v2\/product_brand?post=10437"},{"taxonomy":"product_cat","embeddable":true,"href":"https:\/\/mykalios.com\/en\/wp-json\/wp\/v2\/product_cat?post=10437"},{"taxonomy":"product_tag","embeddable":true,"href":"https:\/\/mykalios.com\/en\/wp-json\/wp\/v2\/product_tag?post=10437"}],"curies":[{"name":"wp","href":"https:\/\/api.w.org\/{rel}","templated":true}]}}