{"id":4795,"date":"2020-04-28T13:11:46","date_gmt":"2020-04-28T11:11:46","guid":{"rendered":"https:\/\/mykalios.com\/boutique\/uncategorized\/meze-dolive-verte\/"},"modified":"2024-12-30T10:44:06","modified_gmt":"2024-12-30T09:44:06","slug":"green-olive-mezze","status":"publish","type":"product","link":"https:\/\/mykalios.com\/en\/boutique\/greek-appetizers\/green-olive-mezze\/","title":{"rendered":"Green olive mezze"},"content":{"rendered":"","protected":false},"excerpt":{"rendered":"","protected":false},"featured_media":23228,"comment_status":"open","ping_status":"closed","template":"","meta":{"_acf_changed":false},"product_brand":[],"product_cat":[249,248],"product_tag":[351,357,355,293],"class_list":{"0":"post-4795","1":"product","2":"type-product","3":"status-publish","4":"has-post-thumbnail","6":"product_cat-all-about-olives","7":"product_cat-greek-appetizers","8":"product_tag-meze-dolive-en","9":"product_tag-meze-dolive-verte-en","10":"product_tag-olives-chalkidiki-en","11":"product_tag-olives-vertes-en","13":"first","14":"instock","15":"shipping-taxable","16":"purchasable","17":"product-type-simple"},"acf":[],"yoast_head":"<!-- This site is optimized with the Yoast SEO plugin v27.3 - https:\/\/yoast.com\/product\/yoast-seo-wordpress\/ -->\n<title>Kalamata Green Olive Mezze | Sale, Purchase, E-Shpop<\/title>\n<meta name=\"description\" content=\"Our m\u00e9z\u00e9s are 100% artisanal.sins ou sur des fromages frais. Vous appr\u00e9cierez sa finesse. Nos m\u00e9z\u00e9s sont 100% artisanaux.\" \/>\n<meta name=\"robots\" content=\"index, follow, max-snippet:-1, max-image-preview:large, max-video-preview:-1\" \/>\n<link rel=\"canonical\" href=\"https:\/\/mykalios.com\/en\/boutique\/greek-appetizers\/green-olive-mezze\/\" \/>\n<meta property=\"og:locale\" content=\"en_US\" \/>\n<meta property=\"og:type\" content=\"article\" \/>\n<meta property=\"og:title\" content=\"Kalamata Green Olive Mezze | Sale, Purchase, E-Shpop\" \/>\n<meta property=\"og:description\" content=\"Our m\u00e9z\u00e9s are 100% artisanal.sins ou sur des fromages frais. Vous appr\u00e9cierez sa finesse. Nos m\u00e9z\u00e9s sont 100% artisanaux.\" \/>\n<meta property=\"og:url\" content=\"https:\/\/mykalios.com\/en\/boutique\/greek-appetizers\/green-olive-mezze\/\" \/>\n<meta property=\"og:site_name\" content=\"Kalios\" \/>\n<meta property=\"article:modified_time\" content=\"2024-12-30T09:44:06+00:00\" \/>\n<meta property=\"og:image\" content=\"https:\/\/mykalios.com\/wp-content\/uploads\/2020\/04\/meze-dolive-verte-kalios.jpg\" \/>\n\t<meta property=\"og:image:width\" content=\"2560\" \/>\n\t<meta property=\"og:image:height\" content=\"2048\" \/>\n\t<meta property=\"og:image:type\" content=\"image\/jpeg\" \/>\n<meta name=\"twitter:card\" content=\"summary_large_image\" \/>\n<script type=\"application\/ld+json\" class=\"yoast-schema-graph\">{\"@context\":\"https:\\\/\\\/schema.org\",\"@graph\":[{\"@type\":\"WebPage\",\"@id\":\"https:\\\/\\\/mykalios.com\\\/en\\\/boutique\\\/greek-appetizers\\\/green-olive-mezze\\\/\",\"url\":\"https:\\\/\\\/mykalios.com\\\/en\\\/boutique\\\/greek-appetizers\\\/green-olive-mezze\\\/\",\"name\":\"Kalamata Green Olive Mezze | Sale, Purchase, E-Shpop\",\"isPartOf\":{\"@id\":\"https:\\\/\\\/mykalios.com\\\/#website\"},\"primaryImageOfPage\":{\"@id\":\"https:\\\/\\\/mykalios.com\\\/en\\\/boutique\\\/greek-appetizers\\\/green-olive-mezze\\\/#primaryimage\"},\"image\":{\"@id\":\"https:\\\/\\\/mykalios.com\\\/en\\\/boutique\\\/greek-appetizers\\\/green-olive-mezze\\\/#primaryimage\"},\"thumbnailUrl\":\"https:\\\/\\\/mykalios.com\\\/wp-content\\\/uploads\\\/2021\\\/11\\\/kalios-meze-vert-6-camillerozieres-scaled.jpg\",\"datePublished\":\"2020-04-28T11:11:46+00:00\",\"dateModified\":\"2024-12-30T09:44:06+00:00\",\"description\":\"Our m\u00e9z\u00e9s are 100% artisanal.sins ou sur des fromages frais. Vous appr\u00e9cierez sa finesse. Nos m\u00e9z\u00e9s sont 100% artisanaux.\",\"breadcrumb\":{\"@id\":\"https:\\\/\\\/mykalios.com\\\/en\\\/boutique\\\/greek-appetizers\\\/green-olive-mezze\\\/#breadcrumb\"},\"inLanguage\":\"en-US\",\"potentialAction\":[{\"@type\":\"ReadAction\",\"target\":[\"https:\\\/\\\/mykalios.com\\\/en\\\/boutique\\\/greek-appetizers\\\/green-olive-mezze\\\/\"]}]},{\"@type\":\"ImageObject\",\"inLanguage\":\"en-US\",\"@id\":\"https:\\\/\\\/mykalios.com\\\/en\\\/boutique\\\/greek-appetizers\\\/green-olive-mezze\\\/#primaryimage\",\"url\":\"https:\\\/\\\/mykalios.com\\\/wp-content\\\/uploads\\\/2021\\\/11\\\/kalios-meze-vert-6-camillerozieres-scaled.jpg\",\"contentUrl\":\"https:\\\/\\\/mykalios.com\\\/wp-content\\\/uploads\\\/2021\\\/11\\\/kalios-meze-vert-6-camillerozieres-scaled.jpg\",\"width\":1707,\"height\":2560,\"caption\":\"Tartinable d'olive verte grec kalios\"},{\"@type\":\"BreadcrumbList\",\"@id\":\"https:\\\/\\\/mykalios.com\\\/en\\\/boutique\\\/greek-appetizers\\\/green-olive-mezze\\\/#breadcrumb\",\"itemListElement\":[{\"@type\":\"ListItem\",\"position\":1,\"name\":\"Accueil\",\"item\":\"https:\\\/\\\/mykalios.com\\\/en\\\/\"},{\"@type\":\"ListItem\",\"position\":2,\"name\":\"Produits\",\"item\":\"https:\\\/\\\/mykalios.com\\\/shop\\\/\"},{\"@type\":\"ListItem\",\"position\":3,\"name\":\"Green olive mezze\"}]},{\"@type\":\"WebSite\",\"@id\":\"https:\\\/\\\/mykalios.com\\\/#website\",\"url\":\"https:\\\/\\\/mykalios.com\\\/\",\"name\":\"Kalios\",\"description\":\"Producteurs d&#039;huile d&#039;olives grecques bio et produits grecs Kalamata\",\"potentialAction\":[{\"@type\":\"SearchAction\",\"target\":{\"@type\":\"EntryPoint\",\"urlTemplate\":\"https:\\\/\\\/mykalios.com\\\/?s={search_term_string}\"},\"query-input\":{\"@type\":\"PropertyValueSpecification\",\"valueRequired\":true,\"valueName\":\"search_term_string\"}}],\"inLanguage\":\"en-US\"}]}<\/script>\n<!-- \/ Yoast SEO plugin. -->","yoast_head_json":{"title":"Kalamata Green Olive Mezze | Sale, Purchase, E-Shpop","description":"Our m\u00e9z\u00e9s are 100% artisanal.sins ou sur des fromages frais. Vous appr\u00e9cierez sa finesse. Nos m\u00e9z\u00e9s sont 100% artisanaux.","robots":{"index":"index","follow":"follow","max-snippet":"max-snippet:-1","max-image-preview":"max-image-preview:large","max-video-preview":"max-video-preview:-1"},"canonical":"https:\/\/mykalios.com\/en\/boutique\/greek-appetizers\/green-olive-mezze\/","og_locale":"en_US","og_type":"article","og_title":"Kalamata Green Olive Mezze | Sale, Purchase, E-Shpop","og_description":"Our m\u00e9z\u00e9s are 100% artisanal.sins ou sur des fromages frais. Vous appr\u00e9cierez sa finesse. Nos m\u00e9z\u00e9s sont 100% artisanaux.","og_url":"https:\/\/mykalios.com\/en\/boutique\/greek-appetizers\/green-olive-mezze\/","og_site_name":"Kalios","article_modified_time":"2024-12-30T09:44:06+00:00","og_image":[{"width":2560,"height":2048,"url":"https:\/\/mykalios.com\/wp-content\/uploads\/2020\/04\/meze-dolive-verte-kalios.jpg","type":"image\/jpeg"}],"twitter_card":"summary_large_image","schema":{"@context":"https:\/\/schema.org","@graph":[{"@type":"WebPage","@id":"https:\/\/mykalios.com\/en\/boutique\/greek-appetizers\/green-olive-mezze\/","url":"https:\/\/mykalios.com\/en\/boutique\/greek-appetizers\/green-olive-mezze\/","name":"Kalamata Green Olive Mezze | Sale, Purchase, E-Shpop","isPartOf":{"@id":"https:\/\/mykalios.com\/#website"},"primaryImageOfPage":{"@id":"https:\/\/mykalios.com\/en\/boutique\/greek-appetizers\/green-olive-mezze\/#primaryimage"},"image":{"@id":"https:\/\/mykalios.com\/en\/boutique\/greek-appetizers\/green-olive-mezze\/#primaryimage"},"thumbnailUrl":"https:\/\/mykalios.com\/wp-content\/uploads\/2021\/11\/kalios-meze-vert-6-camillerozieres-scaled.jpg","datePublished":"2020-04-28T11:11:46+00:00","dateModified":"2024-12-30T09:44:06+00:00","description":"Our m\u00e9z\u00e9s are 100% artisanal.sins ou sur des fromages frais. Vous appr\u00e9cierez sa finesse. Nos m\u00e9z\u00e9s sont 100% artisanaux.","breadcrumb":{"@id":"https:\/\/mykalios.com\/en\/boutique\/greek-appetizers\/green-olive-mezze\/#breadcrumb"},"inLanguage":"en-US","potentialAction":[{"@type":"ReadAction","target":["https:\/\/mykalios.com\/en\/boutique\/greek-appetizers\/green-olive-mezze\/"]}]},{"@type":"ImageObject","inLanguage":"en-US","@id":"https:\/\/mykalios.com\/en\/boutique\/greek-appetizers\/green-olive-mezze\/#primaryimage","url":"https:\/\/mykalios.com\/wp-content\/uploads\/2021\/11\/kalios-meze-vert-6-camillerozieres-scaled.jpg","contentUrl":"https:\/\/mykalios.com\/wp-content\/uploads\/2021\/11\/kalios-meze-vert-6-camillerozieres-scaled.jpg","width":1707,"height":2560,"caption":"Tartinable d'olive verte grec kalios"},{"@type":"BreadcrumbList","@id":"https:\/\/mykalios.com\/en\/boutique\/greek-appetizers\/green-olive-mezze\/#breadcrumb","itemListElement":[{"@type":"ListItem","position":1,"name":"Accueil","item":"https:\/\/mykalios.com\/en\/"},{"@type":"ListItem","position":2,"name":"Produits","item":"https:\/\/mykalios.com\/shop\/"},{"@type":"ListItem","position":3,"name":"Green olive mezze"}]},{"@type":"WebSite","@id":"https:\/\/mykalios.com\/#website","url":"https:\/\/mykalios.com\/","name":"Kalios","description":"Producteurs d&#039;huile d&#039;olives grecques bio et produits grecs Kalamata","potentialAction":[{"@type":"SearchAction","target":{"@type":"EntryPoint","urlTemplate":"https:\/\/mykalios.com\/?s={search_term_string}"},"query-input":{"@type":"PropertyValueSpecification","valueRequired":true,"valueName":"search_term_string"}}],"inLanguage":"en-US"}]}},"jetpack_sharing_enabled":true,"_links":{"self":[{"href":"https:\/\/mykalios.com\/en\/wp-json\/wp\/v2\/product\/4795","targetHints":{"allow":["GET"]}}],"collection":[{"href":"https:\/\/mykalios.com\/en\/wp-json\/wp\/v2\/product"}],"about":[{"href":"https:\/\/mykalios.com\/en\/wp-json\/wp\/v2\/types\/product"}],"replies":[{"embeddable":true,"href":"https:\/\/mykalios.com\/en\/wp-json\/wp\/v2\/comments?post=4795"}],"wp:featuredmedia":[{"embeddable":true,"href":"https:\/\/mykalios.com\/en\/wp-json\/wp\/v2\/media\/23228"}],"wp:attachment":[{"href":"https:\/\/mykalios.com\/en\/wp-json\/wp\/v2\/media?parent=4795"}],"wp:term":[{"taxonomy":"product_brand","embeddable":true,"href":"https:\/\/mykalios.com\/en\/wp-json\/wp\/v2\/product_brand?post=4795"},{"taxonomy":"product_cat","embeddable":true,"href":"https:\/\/mykalios.com\/en\/wp-json\/wp\/v2\/product_cat?post=4795"},{"taxonomy":"product_tag","embeddable":true,"href":"https:\/\/mykalios.com\/en\/wp-json\/wp\/v2\/product_tag?post=4795"}],"curies":[{"name":"wp","href":"https:\/\/api.w.org\/{rel}","templated":true}]}}